{"id":307,"date":"2019-08-21T10:52:10","date_gmt":"2019-08-21T10:52:10","guid":{"rendered":"https:\/\/www.eduntieve.com\/blog\/"},"modified":"2019-08-21T10:52:10","modified_gmt":"2019-08-21T10:52:10","slug":"blog","status":"publish","type":"page","link":"https:\/\/www.nutriencepresent.com\/ru\/blog\/","title":{"rendered":"Blog"},"content":{"rendered":"<h1>Blogs<\/h1>\n<p>\t\t\t\t\t\t\t\t\t\t\t\t<img decoding=\"async\" width=\"800\" height=\"505\" src=\"https:\/\/dev.nutriencepresent.com\/wp-content\/uploads\/2020\/08\/kvinojas_saldais-1.jpg\" alt=\"\" loading=\"lazy\" srcset=\"https:\/\/dev.nutriencepresent.com\/wp-content\/uploads\/2020\/08\/kvinojas_saldais-1.jpg 800w, https:\/\/dev.nutriencepresent.com\/wp-content\/uploads\/2020\/08\/kvinojas_saldais-1-600x379.jpg 600w, https:\/\/dev.nutriencepresent.com\/wp-content\/uploads\/2020\/08\/kvinojas_saldais-1-300x189.jpg 300w, https:\/\/dev.nutriencepresent.com\/wp-content\/uploads\/2020\/08\/kvinojas_saldais-1-768x485.jpg 768w\" sizes=\"auto, (max-width: 800px) 100vw, 800px\" \/>\t\t\t\t\t\t\t\t\t\t\t\t\t\t<\/p>\n<h2>\u0160eit s\u0101kas vesel\u012bgs dz\u012bvesveids un veco ieradumu mai\u0146a!<\/h2>\n<p style=\"text-align: center;\">Laipni l\u016bdzam blog\u0101!<\/p>\n<p style=\"text-align: center;\">Ir patiess prieks, ka esat izv\u0113l\u0113jis vair\u0101k uzzin\u0101t par vesel\u012bgu uzturu, k\u0101 piekopt vesel\u012bgu dz\u012bvesveidu sev un \u0123imen\u0113 un kas paties\u012bb\u0101 ir vesel\u012bgi un no k\u0101 vajadz\u0113tu izvair\u012bties?<\/p>\n<p>\t\t\t<a href=\"\/rezultati\/\" target=\"_blank\" role=\"button\" rel=\"noopener\"><br \/>\n\t\t\t\t\t\tM\u016aSU REZULT\u0100TI<br \/>\n\t\t\t\t\t<\/a><\/p>\n<h2>K\u0101 atrast lab\u0101ko?<\/h2>\n<figure><img decoding=\"async\" width=\"700\" height=\"457\" src=\"https:\/\/dev.nutriencepresent.com\/wp-content\/uploads\/2020\/08\/bestFood-1.jpg\" alt=\"\" loading=\"lazy\" \/><\/figure>\n<h3>Produkti<\/h3>\n<p>K\u0101dus produktus pirkt veikal\u0101? Kuri b\u016btu tie ieteicamie un kuriem lab\u0101k paiet gar\u0101m?<\/p>\n<p>\t\t\t<a href=\"\/produkti\/\" role=\"button\"><br \/>\n\t\t\t\t\t\tLAS\u012aT VAIR\u0100K<br \/>\n\t\t\t\t\t<\/a><\/p>\n<figure><img decoding=\"async\" width=\"700\" height=\"457\" src=\"https:\/\/dev.nutriencepresent.com\/wp-content\/uploads\/2020\/08\/Kitchen-1.jpg\" alt=\"\" loading=\"lazy\" \/><\/figure>\n<h3>Virtuves nosl\u0113pumi<\/h3>\n<p>Mazie virtuves nosl\u0113pumi, kas<br \/>iesp\u0113jams pal\u012bdz\u0113s ikdien\u0101!<\/p>\n<p>\t\t\t<a href=\"#\" role=\"button\"><br \/>\n\t\t\t\t\t\tProces\u0101<br \/>\n\t\t\t\t\t<\/a><\/p>\n<figure><img decoding=\"async\" width=\"700\" height=\"457\" src=\"https:\/\/dev.nutriencepresent.com\/wp-content\/uploads\/2020\/08\/Nutrience-1.jpg\" alt=\"\" loading=\"lazy\" \/><\/figure>\n<h3>Uzturs<\/h3>\n<p>Nedaudz par uzturu un kas tad paties\u012bb\u0101 m\u016bsu organismam  nepiecie\u0161ams.<\/p>\n<p>\t\t\t<a href=\"\/uzturs\/\" role=\"button\"><br \/>\n\t\t\t\t\t\tLAS\u012aT VAIR\u0100K<br \/>\n\t\t\t\t\t<\/a><\/p>\n<h2>Mekl\u0113 vesel\u012bgas receptes?\u200b<\/h2>\n<p>Vari dro\u0161i b\u016bt p\u0101rliecin\u0101ts, ka ilgtermi\u0146\u0101 Tavs \u0137ermenis b\u016bs laim\u012bgs un pateic\u012bgs, ja iev\u0113rosi vesel\u012bgu dz\u012bvesveidu ikdien\u0101!<\/p>\n<p><strong>\u0160\u012b sada\u013ca v\u0113l top!<\/strong> Tuv\u0101kaj\u0101\u00a0n\u0101kotn\u0113 var\u0113si doties un uzzin\u0101t k\u0101 pagatavot vienk\u0101r\u0161us \u0113dienus \u0101tri un ar uzturv\u0113rt\u012bbu!<\/p>\n<p>\t\t\t<a href=\"http:\/\/herbalife-receptes\/\" role=\"button\"><br \/>\n\t\t\t\t\t\tSKAT\u012aT RECEPTES<br \/>\n\t\t\t\t\t<\/a><br \/>\n\t\t\t\t\t\t\t\t\t\t\t\t<img decoding=\"async\" width=\"800\" height=\"505\" src=\"https:\/\/dev.nutriencepresent.com\/wp-content\/uploads\/2020\/08\/veseligas_kanelmaizites-1.jpg\" alt=\"\" loading=\"lazy\" srcset=\"https:\/\/dev.nutriencepresent.com\/wp-content\/uploads\/2020\/08\/veseligas_kanelmaizites-1.jpg 800w, https:\/\/dev.nutriencepresent.com\/wp-content\/uploads\/2020\/08\/veseligas_kanelmaizites-1-600x379.jpg 600w, https:\/\/dev.nutriencepresent.com\/wp-content\/uploads\/2020\/08\/veseligas_kanelmaizites-1-300x189.jpg 300w, https:\/\/dev.nutriencepresent.com\/wp-content\/uploads\/2020\/08\/veseligas_kanelmaizites-1-768x485.jpg 768w\" sizes=\"auto, (max-width: 800px) 100vw, 800px\" \/>\t\t\t\t\t\t\t\t\t\t\t\t\t\t<\/p>\n<h2>Vispopul\u0101r\u0101kie produkti!<\/h2>\n<p>\t\t\t\t\t\t\t\t\t\t\t\t<img decoding=\"async\" width=\"400\" height=\"400\" src=\"https:\/\/dev.nutriencepresent.com\/wp-content\/uploads\/2020\/08\/0000683_herbalife-formula-1-cookie-crunch-1.jpeg\" alt=\"\" loading=\"lazy\" srcset=\"https:\/\/dev.nutriencepresent.com\/wp-content\/uploads\/2020\/08\/0000683_herbalife-formula-1-cookie-crunch-1.jpeg 400w, https:\/\/dev.nutriencepresent.com\/wp-content\/uploads\/2020\/08\/0000683_herbalife-formula-1-cookie-crunch-1-300x300.jpeg 300w, https:\/\/dev.nutriencepresent.com\/wp-content\/uploads\/2020\/08\/0000683_herbalife-formula-1-cookie-crunch-1-100x100.jpeg 100w, https:\/\/dev.nutriencepresent.com\/wp-content\/uploads\/2020\/08\/0000683_herbalife-formula-1-cookie-crunch-1-150x150.jpeg 150w\" sizes=\"auto, (max-width: 400px) 100vw, 400px\" \/>\t\t\t\t\t\t\t\t\t\t\t\t\t\t<\/p>\n<h4>F1 &#8212; Vesel\u012bga Malt\u012bte &#8212; krauk\u0161\u0137\u012bgo cepumu gar\u0161a\u200b<\/h4>\n<p style=\"font-size: 16px; font-style: normal; font-weight: 400;\">Ar perfektu augstas kvalit\u0101tes olbaltumvielu, \u0161\u0137iedrvielu, vitam\u012bnu un miner\u0101lvielu mais\u012bjumu, F1 pied\u0101v\u0101 gan uzturu, gan \u0113rt\u012bbas gar\u0161\u012bg\u0101 kokteil\u012b.<\/p>\n<ul style=\"font-size: 16px; font-style: normal; font-weight: 400;\">\n<li style=\"font-size: 16px;\">18 gramu olbaltumvielu un tikai 160 kcal<\/li>\n<li style=\"font-size: 16px; font-style: normal; font-weight: 400;\">25 vitam\u012bni un miner\u0101lvielas<\/li>\n<li style=\"font-size: 16px;\">4 gramu \u0161\u0137iedrvielas<\/li>\n<li style=\"font-size: 16px;\">Nesatur cukuru, m\u0101ksl\u012bgas kr\u0101svielas un aromatiz\u0113t\u0101jus<\/li>\n<li style=\"font-size: 16px;\">Piem\u0113rots ve\u0123et\u0101rie\u0161iem, nesatur glut\u0113nu<\/li>\n<\/ul>\n<p style=\"font-size: 16px; font-style: normal; font-weight: 400;\">Porciju skaits iepakojum\u0101: 21<br \/>Vair\u0101k par uzturvielu kokteili\u00a0<a style=\"font-size: 16px; font-style: normal; font-weight: 400; background-color: #ffffff;\" href=\"https:\/\/www.eduntieve.com\/uzturvielu-kokteilis\/\" target=\"_blank\" rel=\"noopener\">lasiet \u0161eit<\/a>.<br \/>Ieteicam\u0101 mazumtirdzniec\u012bbas cena:\u00a038,93 \u20ac<\/p>\n<p>\t\t\t<a href=\"https:\/\/www.nutriencepresent.com\/product\/herbalife-uzturvielu-kokteilis-formula-1-kraukskigo-cepumu-garsa\/\" role=\"button\"><br \/>\n\t\t\t\t\t\tV\u0113los pas\u016bt\u012bt<br \/>\n\t\t\t\t\t<\/a><br \/>\n\t\t\t\t\t\t\t\t\t\t\t\t<img decoding=\"async\" width=\"800\" height=\"800\" src=\"https:\/\/dev.nutriencepresent.com\/wp-content\/uploads\/2020\/08\/0000478_herbalife-nutrition-protein-bar-lemon-flavor-1.jpeg\" alt=\"\" loading=\"lazy\" srcset=\"https:\/\/dev.nutriencepresent.com\/wp-content\/uploads\/2020\/08\/0000478_herbalife-nutrition-protein-bar-lemon-flavor-1.jpeg 800w, https:\/\/dev.nutriencepresent.com\/wp-content\/uploads\/2020\/08\/0000478_herbalife-nutrition-protein-bar-lemon-flavor-1-300x300.jpeg 300w, https:\/\/dev.nutriencepresent.com\/wp-content\/uploads\/2020\/08\/0000478_herbalife-nutrition-protein-bar-lemon-flavor-1-100x100.jpeg 100w, https:\/\/dev.nutriencepresent.com\/wp-content\/uploads\/2020\/08\/0000478_herbalife-nutrition-protein-bar-lemon-flavor-1-600x600.jpeg 600w, https:\/\/dev.nutriencepresent.com\/wp-content\/uploads\/2020\/08\/0000478_herbalife-nutrition-protein-bar-lemon-flavor-1-150x150.jpeg 150w, https:\/\/dev.nutriencepresent.com\/wp-content\/uploads\/2020\/08\/0000478_herbalife-nutrition-protein-bar-lemon-flavor-1-768x768.jpeg 768w\" sizes=\"auto, (max-width: 800px) 100vw, 800px\" \/>\t\t\t\t\t\t\t\t\t\t\t\t\t\t<\/p>\n<h4>Herbalife Nutrition Prote\u012bna batoni\u0146\u0161 &#8212; ar citronu<br \/>\ngar\u0161u<\/h4>\n<p style=\"font-size: 16px; font-style: normal; font-weight: 400;\">Lai ar\u012b kur J\u016bs b\u016btu un ko dar\u012btu, Jums vienm\u0113r j\u0101b\u016bt l\u012bdzi vesel\u012bg\u0101m uzkod\u0101m! Nekad ta\u010du nevar zin\u0101t, kur\u0101 br\u012bd\u012b var uzn\u0101kt izsalkums un provoc\u0113t uz kait\u012bg\u0101m uzkod\u0101m.\u00a0<\/p>\n<ul style=\"font-size: 16px; font-style: normal; font-weight: 400;\">\n<li style=\"font-size: 16px;\">salda uzkoda bez liekiem og\u013chidr\u0101tiem<\/li>\n<li style=\"font-size: 16px;\">10 g olbaltumvielu porcij\u0101, lai uztur\u0113tu s\u0101tu un musku\u013cu masu<\/li>\n<li style=\"font-size: 16px;\">tikai 139 kcal vien\u0101 batoni\u0146\u0101<\/li>\n<li style=\"font-size: 16px;\">\u0161okol\u0101des un vesel\u012bgo uzkodu cien\u012bt\u0101jiem<\/li>\n<\/ul>\n<p>\u00a0<\/p>\n<p style=\"font-size: 16px; font-style: normal; font-weight: 400;\">Vien\u0101 iepakojum\u0101 \u2013 14 gb.<br \/>Ieteicam\u0101 mazumtirdzniec\u012bbas cena:\u00a018,81 \u20ac<\/p>\n<p>\t\t\t<a href=\"https:\/\/www.nutriencepresent.com\/product\/herbalife-citrona-proteina-batonini\/\" role=\"button\"><br \/>\n\t\t\t\t\t\tV\u0113los pas\u016bt\u012bt<br \/>\n\t\t\t\t\t<\/a><br \/>\n\t\t\t\t\t\t\t\t\t\t\t\t<img decoding=\"async\" width=\"400\" height=\"400\" src=\"https:\/\/dev.nutriencepresent.com\/wp-content\/uploads\/2020\/08\/0000172_100g-instant-herbal-beverage-original-2.jpeg\" alt=\"\" loading=\"lazy\" srcset=\"https:\/\/dev.nutriencepresent.com\/wp-content\/uploads\/2020\/08\/0000172_100g-instant-herbal-beverage-original-2.jpeg 400w, https:\/\/dev.nutriencepresent.com\/wp-content\/uploads\/2020\/08\/0000172_100g-instant-herbal-beverage-original-2-300x300.jpeg 300w, https:\/\/dev.nutriencepresent.com\/wp-content\/uploads\/2020\/08\/0000172_100g-instant-herbal-beverage-original-1-100x100.jpeg 100w, https:\/\/dev.nutriencepresent.com\/wp-content\/uploads\/2020\/08\/0000172_100g-instant-herbal-beverage-original-1-150x150.jpeg 150w\" sizes=\"auto, (max-width: 400px) 100vw, 400px\" \/>\t\t\t\t\t\t\t\t\t\t\t\t\t\t<\/p>\n<h4>\u0160\u0137\u012bsto\u0161ais z\u0101\u013cu dz\u0113riens ar t\u0113ju ekstraktiem &#8212; ori\u0123in\u0101l\u0101 gar\u0161a (50g) <\/h4>\n<p style=\"font-size: 16px; font-style: normal; font-weight: 400;\">\u0160\u0137\u012bsto\u0161ais z\u0101\u013cu dz\u0113riens ar t\u0113ju ekstraktiem satur kofe\u012bnu, kas var atjaunot sp\u0113kus, pal\u012bdzot jums justies ener\u0123isk\u0101kiem.<\/p>\n<ul style=\"font-size: 16px; font-style: normal; font-weight: 400;\">\n<li style=\"font-size: 16px;\">Unik\u0101ls sast\u0101vs Orange Pe\u0441koe \u2013 tradicion\u0101l\u0101s meln\u0101s t\u0113jas un za\u013c\u0101s t\u0113jas apvienojums ar malvas ziedu, hibiska un kardamona s\u0113klu ekstraktiem.\u00a0<\/li>\n<li style=\"font-size: 16px;\">Satur visas za\u013caj\u0101 t\u0113j\u0101 saturo\u0161\u0101s noder\u012bg\u0101s sast\u0101vda\u013cas.\u00a0<\/li>\n<\/ul>\n<p style=\"font-size: 16px; font-style: normal; font-weight: 400;\">\u00a0<\/p>\n<p style=\"font-size: 16px; font-style: normal; font-weight: 400;\">Porciju skaits iepakojum\u0101: ~29<br \/>Ieteicam\u0101 mazumtirdzniec\u012bbas cena:\u00a026,41 \u20ac<\/p>\n<p>\t\t\t<a href=\"https:\/\/www.nutriencepresent.com\/product\/skistosais-zalu-dzeriens-ar-teju-ekstraktiem-originala-garsa-50g\/\" role=\"button\"><br \/>\n\t\t\t\t\t\tV\u0113los pas\u016bt\u012bt<br \/>\n\t\t\t\t\t<\/a><br \/>\n\t\t\t\t\t\t\t\t\t\t\t\t<img decoding=\"async\" width=\"400\" height=\"400\" src=\"https:\/\/dev.nutriencepresent.com\/wp-content\/uploads\/2020\/08\/0000193_herbalife-gourmet-tomato-soup-1.jpeg\" alt=\"\" loading=\"lazy\" srcset=\"https:\/\/dev.nutriencepresent.com\/wp-content\/uploads\/2020\/08\/0000193_herbalife-gourmet-tomato-soup-1.jpeg 400w, https:\/\/dev.nutriencepresent.com\/wp-content\/uploads\/2020\/08\/0000193_herbalife-gourmet-tomato-soup-1-300x300.jpeg 300w, https:\/\/dev.nutriencepresent.com\/wp-content\/uploads\/2020\/08\/0000193_herbalife-gourmet-tomato-soup-1-100x100.jpeg 100w, https:\/\/dev.nutriencepresent.com\/wp-content\/uploads\/2020\/08\/0000193_herbalife-gourmet-tomato-soup-1-150x150.jpeg 150w\" sizes=\"auto, (max-width: 400px) 100vw, 400px\" \/>\t\t\t\t\t\t\t\t\t\t\t\t\t\t<\/p>\n<h4>Gourmet Tom\u0101tu zupa<br \/>\nar tom\u0101tu un bazilika gar\u0161u<br \/>\n<\/h4>\n<p>\t\tTikai viens solis l\u012bdz tradicion\u0101laj\u0101m Vidusj\u016bras virtuves gar\u0161\u0101m. Ar inul\u012bnu. Augsts olbaltumvielu un \u0161\u0137iedrvielu saturs. \u0100tri pagatavojam\u0101 tom\u0101tu zupa ar Vidusj\u016bras gar\u0161augu arom\u0101tu.Gar\u0161\u012bga un uzturviel\u0101m bag\u0101ta zupa.\u00a0<\/p>\n<ul style=\"font-weight: 400; font-size: 16px; font-style: normal;\">\n<li style=\"font-size: 16px;\">104 kkal porcij\u0101<\/li>\n<li style=\"font-size: 16px;\">Pal\u012bdz kontrol\u0113t svaru<\/li>\n<li style=\"font-size: 16px;\">Ar augstu olbaltumvielu saturu (7 g porcij\u0101)<\/li>\n<li style=\"font-size: 16px;\">Satur daudz \u0161\u0137iedrvielas (3,2 g porcij\u0101)<\/li>\n<li style=\"font-size: 16px;\">Viegli un \u0101tri pagatavojama<\/li>\n<\/ul>\n<p style=\"font-weight: 400; font-size: 16px; font-style: normal;\"><b><br \/>Porciju skaits iepakojum\u0101: 21<br \/><\/b>Ieteicam\u0101 mazumtirdzniec\u012bbas cena:\u00a038,93 \u20ac<\/p>\n<p>\t\t\t<a href=\"https:\/\/www.nutriencepresent.com\/product\/herbalife-gourmet-tomatu-zupa-ar-tomatu-un-bazilika-garsu\/\" role=\"button\"><br \/>\n\t\t\t\t\t\tV\u0113los pas\u016bt\u012bt<br \/>\n\t\t\t\t\t<\/a><\/p>\n<h2>K\u0101da b\u016bs Tava izv\u0113le?<\/h2>\n<p>\t\t\t\t\t\t\t\t\t\t\t\t<img decoding=\"async\" width=\"700\" height=\"457\" src=\"https:\/\/dev.nutriencepresent.com\/wp-content\/uploads\/2020\/08\/Buy_The_best_food-1.jpg\" alt=\"\" loading=\"lazy\" srcset=\"https:\/\/dev.nutriencepresent.com\/wp-content\/uploads\/2020\/08\/Buy_The_best_food-1.jpg 700w, https:\/\/dev.nutriencepresent.com\/wp-content\/uploads\/2020\/08\/Buy_The_best_food-1-600x392.jpg 600w, https:\/\/dev.nutriencepresent.com\/wp-content\/uploads\/2020\/08\/Buy_The_best_food-1-300x196.jpg 300w\" sizes=\"auto, (max-width: 700px) 100vw, 700px\" \/><br \/>\n\t\t\t<a href=\"https:\/\/www.nutriencepresent.com\/shop\/\" role=\"button\"><br \/>\n\t\t\t\t\t\tPAS\u016aT\u012aT PRODUKTU<br \/>\n\t\t\t\t\t<\/a><br \/>\n\t\t\t\t\t\t\t\t\t\t\t\t<img decoding=\"async\" width=\"700\" height=\"457\" src=\"https:\/\/dev.nutriencepresent.com\/wp-content\/uploads\/2020\/08\/Helthy_And_hapier-1.jpg\" alt=\"\" loading=\"lazy\" srcset=\"https:\/\/dev.nutriencepresent.com\/wp-content\/uploads\/2020\/08\/Helthy_And_hapier-1.jpg 700w, https:\/\/dev.nutriencepresent.com\/wp-content\/uploads\/2020\/08\/Helthy_And_hapier-1-600x392.jpg 600w, https:\/\/dev.nutriencepresent.com\/wp-content\/uploads\/2020\/08\/Helthy_And_hapier-1-300x196.jpg 300w\" sizes=\"auto, (max-width: 700px) 100vw, 700px\" \/><br \/>\n\t\t\t<a href=\"https:\/\/www.nutriencepresent.com\/herbalife-nutrition-neatkarigais-partneris\/\" role=\"button\"><br \/>\n\t\t\t\t\t\tV\u0112LOS K\u013b\u016aT PAR KOMP\u0100NIJAS NEATKAR\u012aGO PARTNERI<br \/>\n\t\t\t\t\t<\/a><\/p>\n","protected":false},"excerpt":{"rendered":"<p>Blogs \u0160eit s\u0101kas vesel\u012bgs dz\u012bvesveids un veco ieradumu mai\u0146a! Laipni l\u016bdzam blog\u0101! Ir patiess prieks, ka esat izv\u0113l\u0113jis vair\u0101k uzzin\u0101t par vesel\u012bgu uzturu, k\u0101 piekopt vesel\u012bgu dz\u012bvesveidu sev un \u0123imen\u0113&hellip;<\/p>\n","protected":false},"author":2,"featured_media":0,"parent":0,"menu_order":0,"comment_status":"closed","ping_status":"closed","template":"","meta":{"footnotes":""},"class_list":["post-307","page","type-page","status-publish","hentry"],"_links":{"self":[{"href":"https:\/\/www.nutriencepresent.com\/ru\/wp-json\/wp\/v2\/pages\/307","targetHints":{"allow":["GET"]}}],"collection":[{"href":"https:\/\/www.nutriencepresent.com\/ru\/wp-json\/wp\/v2\/pages"}],"about":[{"href":"https:\/\/www.nutriencepresent.com\/ru\/wp-json\/wp\/v2\/types\/page"}],"author":[{"embeddable":true,"href":"https:\/\/www.nutriencepresent.com\/ru\/wp-json\/wp\/v2\/users\/2"}],"replies":[{"embeddable":true,"href":"https:\/\/www.nutriencepresent.com\/ru\/wp-json\/wp\/v2\/comments?post=307"}],"version-history":[{"count":0,"href":"https:\/\/www.nutriencepresent.com\/ru\/wp-json\/wp\/v2\/pages\/307\/revisions"}],"wp:attachment":[{"href":"https:\/\/www.nutriencepresent.com\/ru\/wp-json\/wp\/v2\/media?parent=307"}],"curies":[{"name":"wp","href":"https:\/\/api.w.org\/{rel}","templated":true}]}}